{"id":3471,"date":"2023-05-09T12:34:26","date_gmt":"2023-05-09T18:34:26","guid":{"rendered":"https:\/\/laferiadelhogar.com.mx\/?page_id=3471"},"modified":"2024-09-06T15:56:11","modified_gmt":"2024-09-06T21:56:11","slug":"facturacion-via-whatsapp","status":"publish","type":"page","link":"https:\/\/laferiadelhogar.com.mx\/?page_id=3471","title":{"rendered":"Facturaci\u00f3n v\u00eda WhatsApp"},"content":{"rendered":"<p>Para poder atender tu petici\u00f3n de facturaci\u00f3n es necesario cumplir los siguientes criterios y nos env\u00edes los siguientes datos v\u00eda WhatsApp.<\/p>\n<p>\u00a0Requisitos:<\/p>\n<ul>\n<li><b>El ticket debe de ser del mismo d\u00eda de la compra en el que se requiere facturar y antes de las 16:00 Horas<\/b>.<\/li>\n<li>Tener el ticket de compra a la mano.<\/li>\n<\/ul>\n<p>Datos a enviar v\u00eda WhatsApp:<\/p>\n<ul>\n<li>CIF (C\u00e9dula de Identificaci\u00f3n Fiscal (No mayor a 3 meses de emisi\u00f3n).<\/li>\n<li>Correo Electr\u00f3nico (A donde se enviar\u00e1 la factura).<\/li>\n<li>Uso de CFDI.<\/li>\n<li>R\u00e9gimen Fiscal.<\/li>\n<li>Tel\u00e9fono.<\/li>\n<li>Foto del Ticket (Lo m\u00e1s legible que se pueda y agregar el folio del ticket).<\/li>\n<li>Monto del Ticket.<\/li>\n<li>Forma de pago (Ej. Efectivo, Tarjeta de d\u00e9bito, Tarjeta de cr\u00e9dito, Etc.).<\/li>\n<\/ul>\n<p>Validar los datos antes de la facturaci\u00f3n del ticket, ya emitida la factura no se podr\u00e1n realizar cambios.\u00a0\u00a0El bot\u00f3n te redireccionar\u00e1 a la p\u00e1gina de WhatsApp o en el dispositivo m\u00f3vil abrir\u00e1 la aplicaci\u00f3n de WhatsApp para enviarnos el mensaje.<br \/>\n\t\t\t<a href=\"https:\/\/wa.link\/a4udry\" target=\"_blank\" rel=\"noopener\"><br \/>\n\t\t\t\t\t\tHaz clic aqu\u00ed<br \/>\n\t\t\t\t\t<\/a><\/p>\n","protected":false},"excerpt":{"rendered":"<p>Para poder atender tu petici\u00f3n de facturaci\u00f3n es necesario cumplir los siguientes criterios y nos env\u00edes los siguientes datos v\u00eda WhatsApp. \u00a0Requisitos: El ticket debe de ser del mismo d\u00eda de la compra en el que se requiere facturar y antes de las 16:00 Horas. Tener el ticket de compra a la mano. Datos a [&hellip;]<\/p>\n","protected":false},"author":3,"featured_media":0,"parent":0,"menu_order":0,"comment_status":"closed","ping_status":"closed","template":"","meta":{"site-sidebar-layout":"default","site-content-layout":"","ast-site-content-layout":"default","site-content-style":"default","site-sidebar-style":"default","ast-global-header-display":"","ast-banner-title-visibility":"","ast-main-header-display":"","ast-hfb-above-header-display":"","ast-hfb-below-header-display":"","ast-hfb-mobile-header-display":"","site-post-title":"","ast-breadcrumbs-content":"","ast-featured-img":"","footer-sml-layout":"","ast-disable-related-posts":"","theme-transparent-header-meta":"","adv-header-id-meta":"","stick-header-meta":"","header-above-stick-meta":"","header-main-stick-meta":"","header-below-stick-meta":"","astra-migrate-meta-layouts":"default","ast-page-background-enabled":"default","ast-page-background-meta":{"desktop":{"background-color":"var(--ast-global-color-4)","background-image":"","background-repeat":"repeat","background-position":"center center","background-size":"auto","background-attachment":"scroll","background-type":"","background-media":"","overlay-type":"","overlay-color":"","overlay-opacity":"","overlay-gradient":""},"tablet":{"background-color":"","background-image":"","background-repeat":"repeat","background-position":"center center","background-size":"auto","background-attachment":"scroll","background-type":"","background-media":"","overlay-type":"","overlay-color":"","overlay-opacity":"","overlay-gradient":""},"mobile":{"background-color":"","background-image":"","background-repeat":"repeat","background-position":"center center","background-size":"auto","background-attachment":"scroll","background-type":"","background-media":"","overlay-type":"","overlay-color":"","overlay-opacity":"","overlay-gradient":""}},"ast-content-background-meta":{"desktop":{"background-color":"var(--ast-global-color-5)","background-image":"","background-repeat":"repeat","background-position":"center center","background-size":"auto","background-attachment":"scroll","background-type":"","background-media":"","overlay-type":"","overlay-color":"","overlay-opacity":"","overlay-gradient":""},"tablet":{"background-color":"var(--ast-global-color-5)","background-image":"","background-repeat":"repeat","background-position":"center center","background-size":"auto","background-attachment":"scroll","background-type":"","background-media":"","overlay-type":"","overlay-color":"","overlay-opacity":"","overlay-gradient":""},"mobile":{"background-color":"var(--ast-global-color-5)","background-image":"","background-repeat":"repeat","background-position":"center center","background-size":"auto","background-attachment":"scroll","background-type":"","background-media":"","overlay-type":"","overlay-color":"","overlay-opacity":"","overlay-gradient":""}},"footnotes":""},"class_list":["post-3471","page","type-page","status-publish","hentry"],"_links":{"self":[{"href":"https:\/\/laferiadelhogar.com.mx\/index.php?rest_route=\/wp\/v2\/pages\/3471","targetHints":{"allow":["GET"]}}],"collection":[{"href":"https:\/\/laferiadelhogar.com.mx\/index.php?rest_route=\/wp\/v2\/pages"}],"about":[{"href":"https:\/\/laferiadelhogar.com.mx\/index.php?rest_route=\/wp\/v2\/types\/page"}],"author":[{"embeddable":true,"href":"https:\/\/laferiadelhogar.com.mx\/index.php?rest_route=\/wp\/v2\/users\/3"}],"replies":[{"embeddable":true,"href":"https:\/\/laferiadelhogar.com.mx\/index.php?rest_route=%2Fwp%2Fv2%2Fcomments&post=3471"}],"version-history":[{"count":38,"href":"https:\/\/laferiadelhogar.com.mx\/index.php?rest_route=\/wp\/v2\/pages\/3471\/revisions"}],"predecessor-version":[{"id":4151,"href":"https:\/\/laferiadelhogar.com.mx\/index.php?rest_route=\/wp\/v2\/pages\/3471\/revisions\/4151"}],"wp:attachment":[{"href":"https:\/\/laferiadelhogar.com.mx\/index.php?rest_route=%2Fwp%2Fv2%2Fmedia&parent=3471"}],"curies":[{"name":"wp","href":"https:\/\/api.w.org\/{rel}","templated":true}]}}