{"id":364,"date":"2019-03-15T22:26:05","date_gmt":"2019-03-15T22:26:05","guid":{"rendered":"https:\/\/laferiadelhogar.com.mx\/?page_id=364"},"modified":"2019-03-15T22:26:07","modified_gmt":"2019-03-15T22:26:07","slug":"principios-y-valores","status":"publish","type":"page","link":"https:\/\/laferiadelhogar.com.mx\/?page_id=364","title":{"rendered":"Principios y Valores"},"content":{"rendered":"<p><img loading=\"lazy\" decoding=\"async\" width=\"640\" height=\"426\" src=\"https:\/\/laferiadelhogar.com.mx\/wp-content\/uploads\/2019\/03\/annie-spratt-427323-unsplash-1024x682.jpg\" alt=\"\" srcset=\"https:\/\/laferiadelhogar.com.mx\/wp-content\/uploads\/2019\/03\/annie-spratt-427323-unsplash-1024x682.jpg 1024w, https:\/\/laferiadelhogar.com.mx\/wp-content\/uploads\/2019\/03\/annie-spratt-427323-unsplash-300x200.jpg 300w, https:\/\/laferiadelhogar.com.mx\/wp-content\/uploads\/2019\/03\/annie-spratt-427323-unsplash-768x511.jpg 768w, https:\/\/laferiadelhogar.com.mx\/wp-content\/uploads\/2019\/03\/annie-spratt-427323-unsplash-750x500.jpg 750w\" sizes=\"auto, (max-width: 640px) 100vw, 640px\" \/>\t\t\t\t\t\t\t\t\t\t\t<\/p>\n<h2>Honestidad<\/h2>\n<p>Honestidad\u00a0total para con nuestros clientes, la empresa, sus recursos y sus integrantes.\u200b<\/p>\n<p>\t\t\t\t\t\t\t\t\t\t<img loading=\"lazy\" decoding=\"async\" width=\"640\" height=\"427\" src=\"https:\/\/laferiadelhogar.com.mx\/wp-content\/uploads\/2019\/03\/daniil-kuzelev-324892-unsplash-1024x683.jpg\" alt=\"\" srcset=\"https:\/\/laferiadelhogar.com.mx\/wp-content\/uploads\/2019\/03\/daniil-kuzelev-324892-unsplash-1024x683.jpg 1024w, https:\/\/laferiadelhogar.com.mx\/wp-content\/uploads\/2019\/03\/daniil-kuzelev-324892-unsplash-300x200.jpg 300w, https:\/\/laferiadelhogar.com.mx\/wp-content\/uploads\/2019\/03\/daniil-kuzelev-324892-unsplash-768x512.jpg 768w, https:\/\/laferiadelhogar.com.mx\/wp-content\/uploads\/2019\/03\/daniil-kuzelev-324892-unsplash-750x500.jpg 750w\" sizes=\"auto, (max-width: 640px) 100vw, 640px\" \/>\t\t\t\t\t\t\t\t\t\t\t<\/p>\n<h2>Respeto<\/h2>\n<p>Respeto a la dignidad humana, cuidando su integridad f\u00edsica y moral, as\u00ed como en el trato con cada una de las personas con las que nos relacionamos.\u200b<\/p>\n<p>\t\t\t\t\t\t\t\t\t\t<img loading=\"lazy\" decoding=\"async\" width=\"640\" height=\"426\" src=\"https:\/\/laferiadelhogar.com.mx\/wp-content\/uploads\/2019\/03\/chuttersnap-1355642-unsplash-1024x681.jpg\" alt=\"\" srcset=\"https:\/\/laferiadelhogar.com.mx\/wp-content\/uploads\/2019\/03\/chuttersnap-1355642-unsplash-1024x681.jpg 1024w, https:\/\/laferiadelhogar.com.mx\/wp-content\/uploads\/2019\/03\/chuttersnap-1355642-unsplash-300x200.jpg 300w, https:\/\/laferiadelhogar.com.mx\/wp-content\/uploads\/2019\/03\/chuttersnap-1355642-unsplash-768x511.jpg 768w, https:\/\/laferiadelhogar.com.mx\/wp-content\/uploads\/2019\/03\/chuttersnap-1355642-unsplash-750x500.jpg 750w\" sizes=\"auto, (max-width: 640px) 100vw, 640px\" \/>\t\t\t\t\t\t\t\t\t\t\t<\/p>\n<h2>Calidad y calidez<\/h2>\n<p>Calidad y calidez en el servicio que permitan la satisfacci\u00f3n del cliente externo e interno, a trav\u00e9s de la asesor\u00eda, apoyo y atenci\u00f3n desde el primer contacto.\u200b<\/p>\n<p>\t\t\t\t\t\t\t\t\t\t<img loading=\"lazy\" decoding=\"async\" width=\"640\" height=\"428\" src=\"https:\/\/laferiadelhogar.com.mx\/wp-content\/uploads\/2019\/03\/rob-laughter-672492-unsplash-1024x684.jpg\" alt=\"\" srcset=\"https:\/\/laferiadelhogar.com.mx\/wp-content\/uploads\/2019\/03\/rob-laughter-672492-unsplash-1024x684.jpg 1024w, https:\/\/laferiadelhogar.com.mx\/wp-content\/uploads\/2019\/03\/rob-laughter-672492-unsplash-300x200.jpg 300w, https:\/\/laferiadelhogar.com.mx\/wp-content\/uploads\/2019\/03\/rob-laughter-672492-unsplash-768x513.jpg 768w, https:\/\/laferiadelhogar.com.mx\/wp-content\/uploads\/2019\/03\/rob-laughter-672492-unsplash-750x500.jpg 750w\" sizes=\"auto, (max-width: 640px) 100vw, 640px\" \/>\t\t\t\t\t\t\t\t\t\t\t<\/p>\n<h2>Trabajo en equipo<\/h2>\n<p>Colaboraci\u00f3n con las diferentes \u00e1reas e integrantes de la empresa para el logro de las metas individuales y de la organizaci\u00f3n, aportando ideas con gran sentido y orgullo de pertenencia.\u200b<\/p>\n<p>\t\t\t\t\t\t\t\t\t\t<img loading=\"lazy\" decoding=\"async\" width=\"640\" height=\"427\" src=\"https:\/\/laferiadelhogar.com.mx\/wp-content\/uploads\/2019\/03\/farsai-chaikulngamdee-585355-unsplash-1024x683.jpg\" alt=\"\" srcset=\"https:\/\/laferiadelhogar.com.mx\/wp-content\/uploads\/2019\/03\/farsai-chaikulngamdee-585355-unsplash-1024x683.jpg 1024w, https:\/\/laferiadelhogar.com.mx\/wp-content\/uploads\/2019\/03\/farsai-chaikulngamdee-585355-unsplash-300x200.jpg 300w, https:\/\/laferiadelhogar.com.mx\/wp-content\/uploads\/2019\/03\/farsai-chaikulngamdee-585355-unsplash-768x512.jpg 768w, https:\/\/laferiadelhogar.com.mx\/wp-content\/uploads\/2019\/03\/farsai-chaikulngamdee-585355-unsplash-750x500.jpg 750w\" sizes=\"auto, (max-width: 640px) 100vw, 640px\" \/>\t\t\t\t\t\t\t\t\t\t\t<\/p>\n<h2>Actitud positiva<\/h2>\n<p>La colaboraci\u00f3n alegre y entusiasta en las labores cotidianas, generando un ambiente de cordialidad y superaci\u00f3n personal y empresarial que sea percibido por nuestros clientes.\u200b<\/p>\n<p>\t\t\t\t\t\t\t\t\t\t<img loading=\"lazy\" decoding=\"async\" width=\"640\" height=\"428\" src=\"https:\/\/laferiadelhogar.com.mx\/wp-content\/uploads\/2019\/03\/sven-mieke-1185135-unsplash-1024x684.jpg\" alt=\"\" srcset=\"https:\/\/laferiadelhogar.com.mx\/wp-content\/uploads\/2019\/03\/sven-mieke-1185135-unsplash-1024x684.jpg 1024w, https:\/\/laferiadelhogar.com.mx\/wp-content\/uploads\/2019\/03\/sven-mieke-1185135-unsplash-300x200.jpg 300w, https:\/\/laferiadelhogar.com.mx\/wp-content\/uploads\/2019\/03\/sven-mieke-1185135-unsplash-768x513.jpg 768w, https:\/\/laferiadelhogar.com.mx\/wp-content\/uploads\/2019\/03\/sven-mieke-1185135-unsplash-750x500.jpg 750w\" sizes=\"auto, (max-width: 640px) 100vw, 640px\" \/>\t\t\t\t\t\t\t\t\t\t\t<\/p>\n<h2>Orgullo<\/h2>\n<p>Cada integrante de la empresa encuentra aqu\u00ed un\u00a0excelente lugar donde trabajar, solido y con futuro; se siente orgulloso de lo que hace y se convierte de hecho en la empresa misma.\u200b<\/p>\n<p>\t\t\t<a href=\"https:\/\/laferiadelhogar.com.mx\/?page_id=292\" role=\"button\"><br \/>\n\t\t\t\t\t\tRegresar<br \/>\n\t\t\t\t\t<\/a><\/p>\n","protected":false},"excerpt":{"rendered":"<p>Honestidad Honestidad\u00a0total para con nuestros clientes, la empresa, sus recursos y sus integrantes.\u200b Respeto Respeto a la dignidad humana, cuidando su integridad f\u00edsica y moral, as\u00ed como en el trato con cada una de las personas con las que nos relacionamos.\u200b Calidad y calidez Calidad y calidez en el servicio que permitan la satisfacci\u00f3n del [&hellip;]<\/p>\n","protected":false},"author":3,"featured_media":0,"parent":0,"menu_order":0,"comment_status":"closed","ping_status":"closed","template":"","meta":{"site-sidebar-layout":"default","site-content-layout":"","ast-site-content-layout":"default","site-content-style":"default","site-sidebar-style":"default","ast-global-header-display":"","ast-banner-title-visibility":"","ast-main-header-display":"","ast-hfb-above-header-display":"","ast-hfb-below-header-display":"","ast-hfb-mobile-header-display":"","site-post-title":"","ast-breadcrumbs-content":"","ast-featured-img":"","footer-sml-layout":"","ast-disable-related-posts":"","theme-transparent-header-meta":"","adv-header-id-meta":"","stick-header-meta":"","header-above-stick-meta":"","header-main-stick-meta":"","header-below-stick-meta":"","astra-migrate-meta-layouts":"default","ast-page-background-enabled":"default","ast-page-background-meta":{"desktop":{"background-color":"var(--ast-global-color-4)","background-image":"","background-repeat":"repeat","background-position":"center center","background-size":"auto","background-attachment":"scroll","background-type":"","background-media":"","overlay-type":"","overlay-color":"","overlay-opacity":"","overlay-gradient":""},"tablet":{"background-color":"","background-image":"","background-repeat":"repeat","background-position":"center center","background-size":"auto","background-attachment":"scroll","background-type":"","background-media":"","overlay-type":"","overlay-color":"","overlay-opacity":"","overlay-gradient":""},"mobile":{"background-color":"","background-image":"","background-repeat":"repeat","background-position":"center center","background-size":"auto","background-attachment":"scroll","background-type":"","background-media":"","overlay-type":"","overlay-color":"","overlay-opacity":"","overlay-gradient":""}},"ast-content-background-meta":{"desktop":{"background-color":"var(--ast-global-color-5)","background-image":"","background-repeat":"repeat","background-position":"center center","background-size":"auto","background-attachment":"scroll","background-type":"","background-media":"","overlay-type":"","overlay-color":"","overlay-opacity":"","overlay-gradient":""},"tablet":{"background-color":"var(--ast-global-color-5)","background-image":"","background-repeat":"repeat","background-position":"center center","background-size":"auto","background-attachment":"scroll","background-type":"","background-media":"","overlay-type":"","overlay-color":"","overlay-opacity":"","overlay-gradient":""},"mobile":{"background-color":"var(--ast-global-color-5)","background-image":"","background-repeat":"repeat","background-position":"center center","background-size":"auto","background-attachment":"scroll","background-type":"","background-media":"","overlay-type":"","overlay-color":"","overlay-opacity":"","overlay-gradient":""}},"footnotes":""},"class_list":["post-364","page","type-page","status-publish","hentry"],"_links":{"self":[{"href":"https:\/\/laferiadelhogar.com.mx\/index.php?rest_route=\/wp\/v2\/pages\/364","targetHints":{"allow":["GET"]}}],"collection":[{"href":"https:\/\/laferiadelhogar.com.mx\/index.php?rest_route=\/wp\/v2\/pages"}],"about":[{"href":"https:\/\/laferiadelhogar.com.mx\/index.php?rest_route=\/wp\/v2\/types\/page"}],"author":[{"embeddable":true,"href":"https:\/\/laferiadelhogar.com.mx\/index.php?rest_route=\/wp\/v2\/users\/3"}],"replies":[{"embeddable":true,"href":"https:\/\/laferiadelhogar.com.mx\/index.php?rest_route=%2Fwp%2Fv2%2Fcomments&post=364"}],"version-history":[{"count":9,"href":"https:\/\/laferiadelhogar.com.mx\/index.php?rest_route=\/wp\/v2\/pages\/364\/revisions"}],"predecessor-version":[{"id":398,"href":"https:\/\/laferiadelhogar.com.mx\/index.php?rest_route=\/wp\/v2\/pages\/364\/revisions\/398"}],"wp:attachment":[{"href":"https:\/\/laferiadelhogar.com.mx\/index.php?rest_route=%2Fwp%2Fv2%2Fmedia&parent=364"}],"curies":[{"name":"wp","href":"https:\/\/api.w.org\/{rel}","templated":true}]}}