{"id":710,"date":"2019-04-02T21:06:37","date_gmt":"2019-04-02T21:06:37","guid":{"rendered":"https:\/\/laferiadelhogar.com.mx\/?page_id=710"},"modified":"2020-01-15T23:13:27","modified_gmt":"2020-01-15T23:13:27","slug":"fiestas","status":"publish","type":"page","link":"https:\/\/laferiadelhogar.com.mx\/?page_id=710","title":{"rendered":"Fiestas"},"content":{"rendered":"<p><img decoding=\"async\" src=\"https:\/\/laferiadelhogar.com.mx\/wp-content\/uploads\/elementor\/thumbs\/brooke-lark-YwSy97_Rk1o-unsplash-e1578436889892-ojc6s38ffoqu8mcx354fwwbb0b4h4tdi91mk35lqdg.jpg\" title=\"brooke-lark-YwSy97_Rk1o-unsplash\" alt=\"brooke-lark-YwSy97_Rk1o-unsplash\" \/><br \/>\n\t\t\t\t\t\t\t\t\t\t\t<a href=\"https:\/\/laferiadelhogar.com.mx\/wp-content\/uploads\/2020\/01\/271302.jpg\" data-elementor-open-lightbox=\"default\"><br \/>\n\t\t\t\t\t\t\t<img loading=\"lazy\" decoding=\"async\" width=\"640\" height=\"640\" src=\"https:\/\/laferiadelhogar.com.mx\/wp-content\/uploads\/2020\/01\/271302-1024x1024.jpg\" alt=\"\" srcset=\"https:\/\/laferiadelhogar.com.mx\/wp-content\/uploads\/2020\/01\/271302-1024x1024.jpg 1024w, https:\/\/laferiadelhogar.com.mx\/wp-content\/uploads\/2020\/01\/271302-150x150.jpg 150w, https:\/\/laferiadelhogar.com.mx\/wp-content\/uploads\/2020\/01\/271302-300x300.jpg 300w, https:\/\/laferiadelhogar.com.mx\/wp-content\/uploads\/2020\/01\/271302-768x768.jpg 768w, https:\/\/laferiadelhogar.com.mx\/wp-content\/uploads\/2020\/01\/271302-250x250.jpg 250w, https:\/\/laferiadelhogar.com.mx\/wp-content\/uploads\/2020\/01\/271302-174x174.jpg 174w, https:\/\/laferiadelhogar.com.mx\/wp-content\/uploads\/2020\/01\/271302.jpg 1200w\" sizes=\"auto, (max-width: 640px) 100vw, 640px\" \/>\t\t\t\t\t\t\t\t<\/a><\/p>\n<p style=\"text-align: center;\"><strong>Salero Prisma Gde Microplastic<\/strong><\/p>\n<p>\t\t\t\t\t\t\t\t\t\t\t<a href=\"https:\/\/laferiadelhogar.com.mx\/wp-content\/uploads\/2020\/01\/273910.jpg\" data-elementor-open-lightbox=\"default\"><br \/>\n\t\t\t\t\t\t\t<img loading=\"lazy\" decoding=\"async\" width=\"640\" height=\"640\" src=\"https:\/\/laferiadelhogar.com.mx\/wp-content\/uploads\/2020\/01\/273910-1024x1024.jpg\" alt=\"\" srcset=\"https:\/\/laferiadelhogar.com.mx\/wp-content\/uploads\/2020\/01\/273910-1024x1024.jpg 1024w, https:\/\/laferiadelhogar.com.mx\/wp-content\/uploads\/2020\/01\/273910-150x150.jpg 150w, https:\/\/laferiadelhogar.com.mx\/wp-content\/uploads\/2020\/01\/273910-300x300.jpg 300w, https:\/\/laferiadelhogar.com.mx\/wp-content\/uploads\/2020\/01\/273910-768x768.jpg 768w, https:\/\/laferiadelhogar.com.mx\/wp-content\/uploads\/2020\/01\/273910-250x250.jpg 250w, https:\/\/laferiadelhogar.com.mx\/wp-content\/uploads\/2020\/01\/273910-174x174.jpg 174w, https:\/\/laferiadelhogar.com.mx\/wp-content\/uploads\/2020\/01\/273910.jpg 1200w\" sizes=\"auto, (max-width: 640px) 100vw, 640px\" \/>\t\t\t\t\t\t\t\t<\/a><\/p>\n<p style=\"text-align: center;\"><strong>Molcajete Azteca #1 Bco Chalco<\/strong><\/p>\n<p>\t\t\t\t\t\t\t\t\t\t\t<a href=\"https:\/\/laferiadelhogar.com.mx\/wp-content\/uploads\/2020\/01\/274103.jpg\" data-elementor-open-lightbox=\"default\"><br \/>\n\t\t\t\t\t\t\t<img loading=\"lazy\" decoding=\"async\" width=\"640\" height=\"640\" src=\"https:\/\/laferiadelhogar.com.mx\/wp-content\/uploads\/2020\/01\/274103-1024x1024.jpg\" alt=\"\" srcset=\"https:\/\/laferiadelhogar.com.mx\/wp-content\/uploads\/2020\/01\/274103-1024x1024.jpg 1024w, https:\/\/laferiadelhogar.com.mx\/wp-content\/uploads\/2020\/01\/274103-150x150.jpg 150w, https:\/\/laferiadelhogar.com.mx\/wp-content\/uploads\/2020\/01\/274103-300x300.jpg 300w, https:\/\/laferiadelhogar.com.mx\/wp-content\/uploads\/2020\/01\/274103-768x768.jpg 768w, https:\/\/laferiadelhogar.com.mx\/wp-content\/uploads\/2020\/01\/274103-250x250.jpg 250w, https:\/\/laferiadelhogar.com.mx\/wp-content\/uploads\/2020\/01\/274103-174x174.jpg 174w, https:\/\/laferiadelhogar.com.mx\/wp-content\/uploads\/2020\/01\/274103.jpg 1200w\" sizes=\"auto, (max-width: 640px) 100vw, 640px\" \/>\t\t\t\t\t\t\t\t<\/a><\/p>\n<p style=\"text-align: center;\"><strong>Salsera C\/Divisi\u00f3n Blanco y Negro Rosvic<\/strong><\/p>\n<p>\t\t\t\t\t\t\t\t\t\t\t<a href=\"https:\/\/laferiadelhogar.com.mx\/wp-content\/uploads\/2020\/01\/274937.jpg\" data-elementor-open-lightbox=\"default\"><br \/>\n\t\t\t\t\t\t\t<img loading=\"lazy\" decoding=\"async\" width=\"640\" height=\"640\" src=\"https:\/\/laferiadelhogar.com.mx\/wp-content\/uploads\/2020\/01\/274937-1024x1024.jpg\" alt=\"\" srcset=\"https:\/\/laferiadelhogar.com.mx\/wp-content\/uploads\/2020\/01\/274937-1024x1024.jpg 1024w, https:\/\/laferiadelhogar.com.mx\/wp-content\/uploads\/2020\/01\/274937-150x150.jpg 150w, https:\/\/laferiadelhogar.com.mx\/wp-content\/uploads\/2020\/01\/274937-300x300.jpg 300w, https:\/\/laferiadelhogar.com.mx\/wp-content\/uploads\/2020\/01\/274937-768x768.jpg 768w, https:\/\/laferiadelhogar.com.mx\/wp-content\/uploads\/2020\/01\/274937-250x250.jpg 250w, https:\/\/laferiadelhogar.com.mx\/wp-content\/uploads\/2020\/01\/274937-174x174.jpg 174w, https:\/\/laferiadelhogar.com.mx\/wp-content\/uploads\/2020\/01\/274937.jpg 1200w\" sizes=\"auto, (max-width: 640px) 100vw, 640px\" \/>\t\t\t\t\t\t\t\t<\/a><\/p>\n<p style=\"text-align: center;\"><strong>Hieleras Peras Plasvic<\/strong><\/p>\n<p>\t\t\t\t\t\t\t\t\t\t\t<a href=\"https:\/\/laferiadelhogar.com.mx\/wp-content\/uploads\/2020\/01\/275249.jpg\" data-elementor-open-lightbox=\"default\"><br \/>\n\t\t\t\t\t\t\t<img loading=\"lazy\" decoding=\"async\" width=\"640\" height=\"640\" src=\"https:\/\/laferiadelhogar.com.mx\/wp-content\/uploads\/2020\/01\/275249-1024x1024.jpg\" alt=\"\" srcset=\"https:\/\/laferiadelhogar.com.mx\/wp-content\/uploads\/2020\/01\/275249-1024x1024.jpg 1024w, https:\/\/laferiadelhogar.com.mx\/wp-content\/uploads\/2020\/01\/275249-150x150.jpg 150w, https:\/\/laferiadelhogar.com.mx\/wp-content\/uploads\/2020\/01\/275249-300x300.jpg 300w, https:\/\/laferiadelhogar.com.mx\/wp-content\/uploads\/2020\/01\/275249-768x768.jpg 768w, https:\/\/laferiadelhogar.com.mx\/wp-content\/uploads\/2020\/01\/275249-250x250.jpg 250w, https:\/\/laferiadelhogar.com.mx\/wp-content\/uploads\/2020\/01\/275249-174x174.jpg 174w, https:\/\/laferiadelhogar.com.mx\/wp-content\/uploads\/2020\/01\/275249.jpg 1200w\" sizes=\"auto, (max-width: 640px) 100vw, 640px\" \/>\t\t\t\t\t\t\t\t<\/a><\/p>\n<p style=\"text-align: center;\"><strong>Paquete Salero Hit Bautizo 12 pz Plastiapan<\/strong><\/p>\n<p>\t\t\t\t\t\t\t\t\t\t\t<a href=\"https:\/\/laferiadelhogar.com.mx\/wp-content\/uploads\/2020\/01\/275251.jpg\" data-elementor-open-lightbox=\"default\"><br \/>\n\t\t\t\t\t\t\t<img loading=\"lazy\" decoding=\"async\" width=\"640\" height=\"640\" src=\"https:\/\/laferiadelhogar.com.mx\/wp-content\/uploads\/2020\/01\/275251-1024x1024.jpg\" alt=\"\" srcset=\"https:\/\/laferiadelhogar.com.mx\/wp-content\/uploads\/2020\/01\/275251-1024x1024.jpg 1024w, https:\/\/laferiadelhogar.com.mx\/wp-content\/uploads\/2020\/01\/275251-150x150.jpg 150w, https:\/\/laferiadelhogar.com.mx\/wp-content\/uploads\/2020\/01\/275251-300x300.jpg 300w, https:\/\/laferiadelhogar.com.mx\/wp-content\/uploads\/2020\/01\/275251-768x768.jpg 768w, https:\/\/laferiadelhogar.com.mx\/wp-content\/uploads\/2020\/01\/275251-250x250.jpg 250w, https:\/\/laferiadelhogar.com.mx\/wp-content\/uploads\/2020\/01\/275251-174x174.jpg 174w, https:\/\/laferiadelhogar.com.mx\/wp-content\/uploads\/2020\/01\/275251.jpg 1200w\" sizes=\"auto, (max-width: 640px) 100vw, 640px\" \/>\t\t\t\t\t\t\t\t<\/a><\/p>\n<p style=\"text-align: center;\"><strong>Paquete Salero Hit XV A\u00f1os 12 pz Plastiapan<\/strong><\/p>\n<p>\t\t\t\t\t\t\t\t\t\t\t<a href=\"https:\/\/laferiadelhogar.com.mx\/wp-content\/uploads\/2020\/01\/275517.jpg\" data-elementor-open-lightbox=\"default\"><br \/>\n\t\t\t\t\t\t\t<img loading=\"lazy\" decoding=\"async\" width=\"640\" height=\"640\" src=\"https:\/\/laferiadelhogar.com.mx\/wp-content\/uploads\/2020\/01\/275517-1024x1024.jpg\" alt=\"\" srcset=\"https:\/\/laferiadelhogar.com.mx\/wp-content\/uploads\/2020\/01\/275517-1024x1024.jpg 1024w, https:\/\/laferiadelhogar.com.mx\/wp-content\/uploads\/2020\/01\/275517-150x150.jpg 150w, https:\/\/laferiadelhogar.com.mx\/wp-content\/uploads\/2020\/01\/275517-300x300.jpg 300w, https:\/\/laferiadelhogar.com.mx\/wp-content\/uploads\/2020\/01\/275517-768x768.jpg 768w, https:\/\/laferiadelhogar.com.mx\/wp-content\/uploads\/2020\/01\/275517-250x250.jpg 250w, https:\/\/laferiadelhogar.com.mx\/wp-content\/uploads\/2020\/01\/275517-174x174.jpg 174w, https:\/\/laferiadelhogar.com.mx\/wp-content\/uploads\/2020\/01\/275517.jpg 1200w\" sizes=\"auto, (max-width: 640px) 100vw, 640px\" \/>\t\t\t\t\t\t\t\t<\/a><\/p>\n<p style=\"text-align: center;\"><strong>Panera Crochet Azul Gde Ortiplastik<\/strong><\/p>\n<p>\t\t\t\t\t\t\t\t\t\t\t<a href=\"https:\/\/laferiadelhogar.com.mx\/wp-content\/uploads\/2020\/01\/277034.jpg\" data-elementor-open-lightbox=\"default\"><br \/>\n\t\t\t\t\t\t\t<img loading=\"lazy\" decoding=\"async\" width=\"640\" height=\"640\" src=\"https:\/\/laferiadelhogar.com.mx\/wp-content\/uploads\/2020\/01\/277034-1024x1024.jpg\" alt=\"\" srcset=\"https:\/\/laferiadelhogar.com.mx\/wp-content\/uploads\/2020\/01\/277034-1024x1024.jpg 1024w, https:\/\/laferiadelhogar.com.mx\/wp-content\/uploads\/2020\/01\/277034-150x150.jpg 150w, https:\/\/laferiadelhogar.com.mx\/wp-content\/uploads\/2020\/01\/277034-300x300.jpg 300w, https:\/\/laferiadelhogar.com.mx\/wp-content\/uploads\/2020\/01\/277034-768x768.jpg 768w, https:\/\/laferiadelhogar.com.mx\/wp-content\/uploads\/2020\/01\/277034-250x250.jpg 250w, https:\/\/laferiadelhogar.com.mx\/wp-content\/uploads\/2020\/01\/277034-174x174.jpg 174w, https:\/\/laferiadelhogar.com.mx\/wp-content\/uploads\/2020\/01\/277034.jpg 1200w\" sizes=\"auto, (max-width: 640px) 100vw, 640px\" \/>\t\t\t\t\t\t\t\t<\/a><\/p>\n<p style=\"text-align: center;\"><b>Salsera<\/b><strong>\u00a0Picos Arelec<\/strong><\/p>\n<p>\t\t\t\t\t\t\t\t\t\t\t<a href=\"https:\/\/laferiadelhogar.com.mx\/wp-content\/uploads\/2020\/01\/277035.jpg\" data-elementor-open-lightbox=\"default\"><br \/>\n\t\t\t\t\t\t\t<img loading=\"lazy\" decoding=\"async\" width=\"640\" height=\"640\" src=\"https:\/\/laferiadelhogar.com.mx\/wp-content\/uploads\/2020\/01\/277035-1024x1024.jpg\" alt=\"\" srcset=\"https:\/\/laferiadelhogar.com.mx\/wp-content\/uploads\/2020\/01\/277035-1024x1024.jpg 1024w, https:\/\/laferiadelhogar.com.mx\/wp-content\/uploads\/2020\/01\/277035-150x150.jpg 150w, https:\/\/laferiadelhogar.com.mx\/wp-content\/uploads\/2020\/01\/277035-300x300.jpg 300w, https:\/\/laferiadelhogar.com.mx\/wp-content\/uploads\/2020\/01\/277035-768x768.jpg 768w, https:\/\/laferiadelhogar.com.mx\/wp-content\/uploads\/2020\/01\/277035-250x250.jpg 250w, https:\/\/laferiadelhogar.com.mx\/wp-content\/uploads\/2020\/01\/277035-174x174.jpg 174w, https:\/\/laferiadelhogar.com.mx\/wp-content\/uploads\/2020\/01\/277035.jpg 1200w\" sizes=\"auto, (max-width: 640px) 100vw, 640px\" \/>\t\t\t\t\t\t\t\t<\/a><\/p>\n<p style=\"text-align: center;\"><strong>Salsera Pi\u00f1a Arelec<\/strong><\/p>\n<p>\t\t\t\t\t\t\t\t\t\t\t<a href=\"https:\/\/laferiadelhogar.com.mx\/wp-content\/uploads\/2020\/01\/277055.jpg\" data-elementor-open-lightbox=\"default\"><br \/>\n\t\t\t\t\t\t\t<img loading=\"lazy\" decoding=\"async\" width=\"640\" height=\"640\" src=\"https:\/\/laferiadelhogar.com.mx\/wp-content\/uploads\/2020\/01\/277055-1024x1024.jpg\" alt=\"\" srcset=\"https:\/\/laferiadelhogar.com.mx\/wp-content\/uploads\/2020\/01\/277055-1024x1024.jpg 1024w, https:\/\/laferiadelhogar.com.mx\/wp-content\/uploads\/2020\/01\/277055-150x150.jpg 150w, https:\/\/laferiadelhogar.com.mx\/wp-content\/uploads\/2020\/01\/277055-300x300.jpg 300w, https:\/\/laferiadelhogar.com.mx\/wp-content\/uploads\/2020\/01\/277055-768x768.jpg 768w, https:\/\/laferiadelhogar.com.mx\/wp-content\/uploads\/2020\/01\/277055-250x250.jpg 250w, https:\/\/laferiadelhogar.com.mx\/wp-content\/uploads\/2020\/01\/277055-174x174.jpg 174w, https:\/\/laferiadelhogar.com.mx\/wp-content\/uploads\/2020\/01\/277055.jpg 1200w\" sizes=\"auto, (max-width: 640px) 100vw, 640px\" \/>\t\t\t\t\t\t\t\t<\/a><\/p>\n<p style=\"text-align: center;\"><strong>Hielera Maguey Cristal Arelec<\/strong><\/p>\n<p>\t\t\t\t\t\t\t\t\t\t\t<a href=\"https:\/\/laferiadelhogar.com.mx\/wp-content\/uploads\/2020\/01\/281513.jpg\" data-elementor-open-lightbox=\"default\"><br \/>\n\t\t\t\t\t\t\t<img loading=\"lazy\" decoding=\"async\" width=\"640\" height=\"640\" src=\"https:\/\/laferiadelhogar.com.mx\/wp-content\/uploads\/2020\/01\/281513-1024x1024.jpg\" alt=\"\" srcset=\"https:\/\/laferiadelhogar.com.mx\/wp-content\/uploads\/2020\/01\/281513-1024x1024.jpg 1024w, https:\/\/laferiadelhogar.com.mx\/wp-content\/uploads\/2020\/01\/281513-150x150.jpg 150w, https:\/\/laferiadelhogar.com.mx\/wp-content\/uploads\/2020\/01\/281513-300x300.jpg 300w, https:\/\/laferiadelhogar.com.mx\/wp-content\/uploads\/2020\/01\/281513-768x768.jpg 768w, https:\/\/laferiadelhogar.com.mx\/wp-content\/uploads\/2020\/01\/281513-250x250.jpg 250w, https:\/\/laferiadelhogar.com.mx\/wp-content\/uploads\/2020\/01\/281513-174x174.jpg 174w, https:\/\/laferiadelhogar.com.mx\/wp-content\/uploads\/2020\/01\/281513.jpg 1200w\" sizes=\"auto, (max-width: 640px) 100vw, 640px\" \/>\t\t\t\t\t\t\t\t<\/a><\/p>\n<p style=\"text-align: center;\"><strong>Espuma Serpentina 250 ml Colores Fesa<\/strong><\/p>\n<p>\t\t\t\t\t\t\t\t\t\t\t<a href=\"https:\/\/laferiadelhogar.com.mx\/wp-content\/uploads\/2020\/01\/281514.jpg\" data-elementor-open-lightbox=\"default\"><br \/>\n\t\t\t\t\t\t\t<img loading=\"lazy\" decoding=\"async\" width=\"640\" height=\"640\" src=\"https:\/\/laferiadelhogar.com.mx\/wp-content\/uploads\/2020\/01\/281514-1024x1024.jpg\" alt=\"\" srcset=\"https:\/\/laferiadelhogar.com.mx\/wp-content\/uploads\/2020\/01\/281514-1024x1024.jpg 1024w, https:\/\/laferiadelhogar.com.mx\/wp-content\/uploads\/2020\/01\/281514-150x150.jpg 150w, https:\/\/laferiadelhogar.com.mx\/wp-content\/uploads\/2020\/01\/281514-300x300.jpg 300w, https:\/\/laferiadelhogar.com.mx\/wp-content\/uploads\/2020\/01\/281514-768x768.jpg 768w, https:\/\/laferiadelhogar.com.mx\/wp-content\/uploads\/2020\/01\/281514-250x250.jpg 250w, https:\/\/laferiadelhogar.com.mx\/wp-content\/uploads\/2020\/01\/281514-174x174.jpg 174w, https:\/\/laferiadelhogar.com.mx\/wp-content\/uploads\/2020\/01\/281514.jpg 1200w\" sizes=\"auto, (max-width: 640px) 100vw, 640px\" \/>\t\t\t\t\t\t\t\t<\/a><\/p>\n<p style=\"text-align: center;\"><b>Ca\u00f1\u00f3n\u00a0Aire Comprimido 40 cm Coraz\u00f3n\u00a0Bco Fesa<\/b><\/p>\n<p>\t\t\t\t\t\t\t\t\t\t\t<a href=\"https:\/\/laferiadelhogar.com.mx\/wp-content\/uploads\/2020\/01\/290414.jpg\" data-elementor-open-lightbox=\"default\"><br \/>\n\t\t\t\t\t\t\t<img loading=\"lazy\" decoding=\"async\" width=\"640\" height=\"640\" src=\"https:\/\/laferiadelhogar.com.mx\/wp-content\/uploads\/2020\/01\/290414-1024x1024.jpg\" alt=\"\" srcset=\"https:\/\/laferiadelhogar.com.mx\/wp-content\/uploads\/2020\/01\/290414-1024x1024.jpg 1024w, https:\/\/laferiadelhogar.com.mx\/wp-content\/uploads\/2020\/01\/290414-150x150.jpg 150w, https:\/\/laferiadelhogar.com.mx\/wp-content\/uploads\/2020\/01\/290414-300x300.jpg 300w, https:\/\/laferiadelhogar.com.mx\/wp-content\/uploads\/2020\/01\/290414-768x768.jpg 768w, https:\/\/laferiadelhogar.com.mx\/wp-content\/uploads\/2020\/01\/290414-250x250.jpg 250w, https:\/\/laferiadelhogar.com.mx\/wp-content\/uploads\/2020\/01\/290414-174x174.jpg 174w, https:\/\/laferiadelhogar.com.mx\/wp-content\/uploads\/2020\/01\/290414.jpg 1200w\" sizes=\"auto, (max-width: 640px) 100vw, 640px\" \/>\t\t\t\t\t\t\t\t<\/a><\/p>\n<p style=\"text-align: center;\"><strong>Panera Natural\/Color Mimbre<\/strong><\/p>\n<p>\t\t\t\t\t\t\t\t\t\t\t<a href=\"https:\/\/laferiadelhogar.com.mx\/wp-content\/uploads\/2020\/01\/293305.jpg\" data-elementor-open-lightbox=\"default\"><br \/>\n\t\t\t\t\t\t\t<img loading=\"lazy\" decoding=\"async\" width=\"640\" height=\"640\" src=\"https:\/\/laferiadelhogar.com.mx\/wp-content\/uploads\/2020\/01\/293305-1024x1024.jpg\" alt=\"\" srcset=\"https:\/\/laferiadelhogar.com.mx\/wp-content\/uploads\/2020\/01\/293305-1024x1024.jpg 1024w, https:\/\/laferiadelhogar.com.mx\/wp-content\/uploads\/2020\/01\/293305-150x150.jpg 150w, https:\/\/laferiadelhogar.com.mx\/wp-content\/uploads\/2020\/01\/293305-300x300.jpg 300w, https:\/\/laferiadelhogar.com.mx\/wp-content\/uploads\/2020\/01\/293305-768x768.jpg 768w, https:\/\/laferiadelhogar.com.mx\/wp-content\/uploads\/2020\/01\/293305-250x250.jpg 250w, https:\/\/laferiadelhogar.com.mx\/wp-content\/uploads\/2020\/01\/293305-174x174.jpg 174w, https:\/\/laferiadelhogar.com.mx\/wp-content\/uploads\/2020\/01\/293305.jpg 1200w\" sizes=\"auto, (max-width: 640px) 100vw, 640px\" \/>\t\t\t\t\t\t\t\t<\/a><\/p>\n<p style=\"text-align: center;\"><strong>Paquete Servilletero Cromo Decorado Clarita<\/strong><\/p>\n<p>\t\t\t\t\t\t\t\t\t\t\t<a href=\"https:\/\/laferiadelhogar.com.mx\/wp-content\/uploads\/2020\/01\/293306.jpg\" data-elementor-open-lightbox=\"default\"><br \/>\n\t\t\t\t\t\t\t<img loading=\"lazy\" decoding=\"async\" width=\"640\" height=\"640\" src=\"https:\/\/laferiadelhogar.com.mx\/wp-content\/uploads\/2020\/01\/293306-1024x1024.jpg\" alt=\"\" srcset=\"https:\/\/laferiadelhogar.com.mx\/wp-content\/uploads\/2020\/01\/293306-1024x1024.jpg 1024w, https:\/\/laferiadelhogar.com.mx\/wp-content\/uploads\/2020\/01\/293306-150x150.jpg 150w, https:\/\/laferiadelhogar.com.mx\/wp-content\/uploads\/2020\/01\/293306-300x300.jpg 300w, https:\/\/laferiadelhogar.com.mx\/wp-content\/uploads\/2020\/01\/293306-768x768.jpg 768w, https:\/\/laferiadelhogar.com.mx\/wp-content\/uploads\/2020\/01\/293306-250x250.jpg 250w, https:\/\/laferiadelhogar.com.mx\/wp-content\/uploads\/2020\/01\/293306-174x174.jpg 174w, https:\/\/laferiadelhogar.com.mx\/wp-content\/uploads\/2020\/01\/293306.jpg 1200w\" sizes=\"auto, (max-width: 640px) 100vw, 640px\" \/>\t\t\t\t\t\t\t\t<\/a><\/p>\n<p style=\"text-align: center;\"><strong>Paquete Servilletero Globo Clarita<\/strong><\/p>\n<p>\t\t\t\t\t\t\t\t\t\t\t<a href=\"https:\/\/laferiadelhogar.com.mx\/wp-content\/uploads\/2020\/01\/293310.jpg\" data-elementor-open-lightbox=\"default\"><br \/>\n\t\t\t\t\t\t\t<img loading=\"lazy\" decoding=\"async\" width=\"640\" height=\"640\" src=\"https:\/\/laferiadelhogar.com.mx\/wp-content\/uploads\/2020\/01\/293310-1024x1024.jpg\" alt=\"\" srcset=\"https:\/\/laferiadelhogar.com.mx\/wp-content\/uploads\/2020\/01\/293310-1024x1024.jpg 1024w, https:\/\/laferiadelhogar.com.mx\/wp-content\/uploads\/2020\/01\/293310-150x150.jpg 150w, https:\/\/laferiadelhogar.com.mx\/wp-content\/uploads\/2020\/01\/293310-300x300.jpg 300w, https:\/\/laferiadelhogar.com.mx\/wp-content\/uploads\/2020\/01\/293310-768x768.jpg 768w, https:\/\/laferiadelhogar.com.mx\/wp-content\/uploads\/2020\/01\/293310-250x250.jpg 250w, https:\/\/laferiadelhogar.com.mx\/wp-content\/uploads\/2020\/01\/293310-174x174.jpg 174w, https:\/\/laferiadelhogar.com.mx\/wp-content\/uploads\/2020\/01\/293310.jpg 1200w\" sizes=\"auto, (max-width: 640px) 100vw, 640px\" \/>\t\t\t\t\t\t\t\t<\/a><\/p>\n<p style=\"text-align: center;\"><strong>Panera Abanico\/Tulipan Adornada<\/strong><\/p>\n<p>\t\t\t\t\t\t\t\t\t\t\t<a href=\"https:\/\/laferiadelhogar.com.mx\/wp-content\/uploads\/2020\/01\/293316.jpg\" data-elementor-open-lightbox=\"default\"><br \/>\n\t\t\t\t\t\t\t<img loading=\"lazy\" decoding=\"async\" width=\"640\" height=\"640\" src=\"https:\/\/laferiadelhogar.com.mx\/wp-content\/uploads\/2020\/01\/293316-1024x1024.jpg\" alt=\"\" srcset=\"https:\/\/laferiadelhogar.com.mx\/wp-content\/uploads\/2020\/01\/293316-1024x1024.jpg 1024w, https:\/\/laferiadelhogar.com.mx\/wp-content\/uploads\/2020\/01\/293316-150x150.jpg 150w, https:\/\/laferiadelhogar.com.mx\/wp-content\/uploads\/2020\/01\/293316-300x300.jpg 300w, https:\/\/laferiadelhogar.com.mx\/wp-content\/uploads\/2020\/01\/293316-768x768.jpg 768w, https:\/\/laferiadelhogar.com.mx\/wp-content\/uploads\/2020\/01\/293316-250x250.jpg 250w, https:\/\/laferiadelhogar.com.mx\/wp-content\/uploads\/2020\/01\/293316-174x174.jpg 174w, https:\/\/laferiadelhogar.com.mx\/wp-content\/uploads\/2020\/01\/293316.jpg 1200w\" sizes=\"auto, (max-width: 640px) 100vw, 640px\" \/>\t\t\t\t\t\t\t\t<\/a><\/p>\n<p style=\"text-align: center;\"><strong>Docena Servilleta Estampada C\/Encaje Lira<\/strong><\/p>\n<p>\t\t\t<a href=\"https:\/\/laferiadelhogar.com.mx\/?page_id=442\" role=\"button\"><br \/>\n\t\t\t\t\t\tRegresar<br \/>\n\t\t\t\t\t<\/a><\/p>\n","protected":false},"excerpt":{"rendered":"<p>Salero Prisma Gde Microplastic Molcajete Azteca #1 Bco Chalco Salsera C\/Divisi\u00f3n Blanco y Negro Rosvic Hieleras Peras Plasvic Paquete Salero Hit Bautizo 12 pz Plastiapan Paquete Salero Hit XV A\u00f1os 12 pz Plastiapan Panera Crochet Azul Gde Ortiplastik Salsera\u00a0Picos Arelec Salsera Pi\u00f1a Arelec Hielera Maguey Cristal Arelec Espuma Serpentina 250 ml Colores Fesa Ca\u00f1\u00f3n\u00a0Aire Comprimido [&hellip;]<\/p>\n","protected":false},"author":3,"featured_media":0,"parent":0,"menu_order":0,"comment_status":"closed","ping_status":"closed","template":"","meta":{"site-sidebar-layout":"default","site-content-layout":"","ast-site-content-layout":"default","site-content-style":"default","site-sidebar-style":"default","ast-global-header-display":"","ast-banner-title-visibility":"","ast-main-header-display":"","ast-hfb-above-header-display":"","ast-hfb-below-header-display":"","ast-hfb-mobile-header-display":"","site-post-title":"","ast-breadcrumbs-content":"","ast-featured-img":"","footer-sml-layout":"","ast-disable-related-posts":"","theme-transparent-header-meta":"","adv-header-id-meta":"","stick-header-meta":"","header-above-stick-meta":"","header-main-stick-meta":"","header-below-stick-meta":"","astra-migrate-meta-layouts":"default","ast-page-background-enabled":"default","ast-page-background-meta":{"desktop":{"background-color":"var(--ast-global-color-4)","background-image":"","background-repeat":"repeat","background-position":"center center","background-size":"auto","background-attachment":"scroll","background-type":"","background-media":"","overlay-type":"","overlay-color":"","overlay-opacity":"","overlay-gradient":""},"tablet":{"background-color":"","background-image":"","background-repeat":"repeat","background-position":"center center","background-size":"auto","background-attachment":"scroll","background-type":"","background-media":"","overlay-type":"","overlay-color":"","overlay-opacity":"","overlay-gradient":""},"mobile":{"background-color":"","background-image":"","background-repeat":"repeat","background-position":"center center","background-size":"auto","background-attachment":"scroll","background-type":"","background-media":"","overlay-type":"","overlay-color":"","overlay-opacity":"","overlay-gradient":""}},"ast-content-background-meta":{"desktop":{"background-color":"var(--ast-global-color-5)","background-image":"","background-repeat":"repeat","background-position":"center center","background-size":"auto","background-attachment":"scroll","background-type":"","background-media":"","overlay-type":"","overlay-color":"","overlay-opacity":"","overlay-gradient":""},"tablet":{"background-color":"var(--ast-global-color-5)","background-image":"","background-repeat":"repeat","background-position":"center center","background-size":"auto","background-attachment":"scroll","background-type":"","background-media":"","overlay-type":"","overlay-color":"","overlay-opacity":"","overlay-gradient":""},"mobile":{"background-color":"var(--ast-global-color-5)","background-image":"","background-repeat":"repeat","background-position":"center center","background-size":"auto","background-attachment":"scroll","background-type":"","background-media":"","overlay-type":"","overlay-color":"","overlay-opacity":"","overlay-gradient":""}},"footnotes":""},"class_list":["post-710","page","type-page","status-publish","hentry"],"_links":{"self":[{"href":"https:\/\/laferiadelhogar.com.mx\/index.php?rest_route=\/wp\/v2\/pages\/710","targetHints":{"allow":["GET"]}}],"collection":[{"href":"https:\/\/laferiadelhogar.com.mx\/index.php?rest_route=\/wp\/v2\/pages"}],"about":[{"href":"https:\/\/laferiadelhogar.com.mx\/index.php?rest_route=\/wp\/v2\/types\/page"}],"author":[{"embeddable":true,"href":"https:\/\/laferiadelhogar.com.mx\/index.php?rest_route=\/wp\/v2\/users\/3"}],"replies":[{"embeddable":true,"href":"https:\/\/laferiadelhogar.com.mx\/index.php?rest_route=%2Fwp%2Fv2%2Fcomments&post=710"}],"version-history":[{"count":20,"href":"https:\/\/laferiadelhogar.com.mx\/index.php?rest_route=\/wp\/v2\/pages\/710\/revisions"}],"predecessor-version":[{"id":3160,"href":"https:\/\/laferiadelhogar.com.mx\/index.php?rest_route=\/wp\/v2\/pages\/710\/revisions\/3160"}],"wp:attachment":[{"href":"https:\/\/laferiadelhogar.com.mx\/index.php?rest_route=%2Fwp%2Fv2%2Fmedia&parent=710"}],"curies":[{"name":"wp","href":"https:\/\/api.w.org\/{rel}","templated":true}]}}