{"id":743,"date":"2019-04-02T21:29:19","date_gmt":"2019-04-02T21:29:19","guid":{"rendered":"https:\/\/laferiadelhogar.com.mx\/?page_id=743"},"modified":"2023-10-18T13:23:51","modified_gmt":"2023-10-18T19:23:51","slug":"cortinas-para-bano","status":"publish","type":"page","link":"https:\/\/laferiadelhogar.com.mx\/?page_id=743","title":{"rendered":"Accesorios para ba\u00f1o"},"content":{"rendered":"<p><img decoding=\"async\" src=\"https:\/\/laferiadelhogar.com.mx\/wp-content\/uploads\/elementor\/thumbs\/curology-1540991-unsplash-e1567031318222-scaled-pyjbo0ur8mco4ymau2562a396rh9jvewvsy6kcgxj8.jpg\" title=\"curology-1540991-unsplash\" alt=\"curology-1540991-unsplash\" loading=\"lazy\" \/><br \/>\n\t\t\t\t\t\t\t\t\t\t\t\t\t\t\t\t<a href=\"https:\/\/laferiadelhogar.com.mx\/wp-content\/uploads\/2019\/09\/JAR-41.jpg\" data-elementor-open-lightbox=\"yes\" data-e-action-hash=\"#elementor-action%3Aaction%3Dlightbox%26settings%3DeyJpZCI6MjE0MywidXJsIjoiaHR0cHM6XC9cL2xhZmVyaWFkZWxob2dhci5jb20ubXhcL3dwLWNvbnRlbnRcL3VwbG9hZHNcLzIwMTlcLzA5XC9KQVItNDEuanBnIn0%3D\"><br \/>\n\t\t\t\t\t\t\t<img decoding=\"async\" width=\"1024\" height=\"1024\" src=\"https:\/\/laferiadelhogar.com.mx\/wp-content\/uploads\/2019\/09\/JAR-41.jpg\" alt=\"\" loading=\"lazy\" srcset=\"https:\/\/laferiadelhogar.com.mx\/wp-content\/uploads\/2019\/09\/JAR-41.jpg 1200w, https:\/\/laferiadelhogar.com.mx\/wp-content\/uploads\/2019\/09\/JAR-41-324x324.jpg 324w, https:\/\/laferiadelhogar.com.mx\/wp-content\/uploads\/2019\/09\/JAR-41-100x100.jpg 100w, https:\/\/laferiadelhogar.com.mx\/wp-content\/uploads\/2019\/09\/JAR-41-416x416.jpg 416w\" sizes=\"auto, (max-width: 1024px) 100vw, 1024px\" \/>\t\t\t\t\t\t\t\t<\/a><\/p>\n<p style=\"text-align: center;\"><strong>Zacate Beb\u00e9 Caricia\u00a0 Fashion Clean<\/strong>\u00a0<\/p>\n<p>\t\t\t\t\t\t\t\t\t\t\t\t\t\t\t\t<a href=\"https:\/\/laferiadelhogar.com.mx\/wp-content\/uploads\/2019\/09\/JAR-42.jpg\" data-elementor-open-lightbox=\"yes\" data-e-action-hash=\"#elementor-action%3Aaction%3Dlightbox%26settings%3DeyJpZCI6MjE0NCwidXJsIjoiaHR0cHM6XC9cL2xhZmVyaWFkZWxob2dhci5jb20ubXhcL3dwLWNvbnRlbnRcL3VwbG9hZHNcLzIwMTlcLzA5XC9KQVItNDIuanBnIn0%3D\"><br \/>\n\t\t\t\t\t\t\t<img decoding=\"async\" width=\"1024\" height=\"1024\" src=\"https:\/\/laferiadelhogar.com.mx\/wp-content\/uploads\/2019\/09\/JAR-42-1024x1024.jpg\" alt=\"\" loading=\"lazy\" srcset=\"https:\/\/laferiadelhogar.com.mx\/wp-content\/uploads\/2019\/09\/JAR-42-1024x1024.jpg 1024w, https:\/\/laferiadelhogar.com.mx\/wp-content\/uploads\/2019\/09\/JAR-42-324x324.jpg 324w, https:\/\/laferiadelhogar.com.mx\/wp-content\/uploads\/2019\/09\/JAR-42-100x100.jpg 100w, https:\/\/laferiadelhogar.com.mx\/wp-content\/uploads\/2019\/09\/JAR-42-416x416.jpg 416w, https:\/\/laferiadelhogar.com.mx\/wp-content\/uploads\/2019\/09\/JAR-42-150x150.jpg 150w, https:\/\/laferiadelhogar.com.mx\/wp-content\/uploads\/2019\/09\/JAR-42-300x300.jpg 300w, https:\/\/laferiadelhogar.com.mx\/wp-content\/uploads\/2019\/09\/JAR-42-768x768.jpg 768w, https:\/\/laferiadelhogar.com.mx\/wp-content\/uploads\/2019\/09\/JAR-42-250x250.jpg 250w, https:\/\/laferiadelhogar.com.mx\/wp-content\/uploads\/2019\/09\/JAR-42-174x174.jpg 174w, https:\/\/laferiadelhogar.com.mx\/wp-content\/uploads\/2019\/09\/JAR-42.jpg 1200w\" sizes=\"auto, (max-width: 1024px) 100vw, 1024px\" \/>\t\t\t\t\t\t\t\t<\/a><\/p>\n<p style=\"text-align: center;\"><strong>Zacate Facial sencillo Fashion Clean<\/strong><\/p>\n<p>\t\t\t\t\t\t\t\t\t\t\t\t\t\t\t\t<a href=\"https:\/\/laferiadelhogar.com.mx\/wp-content\/uploads\/2019\/09\/JAR-43.jpg\" data-elementor-open-lightbox=\"yes\" data-e-action-hash=\"#elementor-action%3Aaction%3Dlightbox%26settings%3DeyJpZCI6MjE0NSwidXJsIjoiaHR0cHM6XC9cL2xhZmVyaWFkZWxob2dhci5jb20ubXhcL3dwLWNvbnRlbnRcL3VwbG9hZHNcLzIwMTlcLzA5XC9KQVItNDMuanBnIn0%3D\"><br \/>\n\t\t\t\t\t\t\t<img decoding=\"async\" width=\"1024\" height=\"1024\" src=\"https:\/\/laferiadelhogar.com.mx\/wp-content\/uploads\/2019\/09\/JAR-43.jpg\" alt=\"\" loading=\"lazy\" srcset=\"https:\/\/laferiadelhogar.com.mx\/wp-content\/uploads\/2019\/09\/JAR-43.jpg 1200w, https:\/\/laferiadelhogar.com.mx\/wp-content\/uploads\/2019\/09\/JAR-43-324x324.jpg 324w, https:\/\/laferiadelhogar.com.mx\/wp-content\/uploads\/2019\/09\/JAR-43-100x100.jpg 100w, https:\/\/laferiadelhogar.com.mx\/wp-content\/uploads\/2019\/09\/JAR-43-416x416.jpg 416w\" sizes=\"auto, (max-width: 1024px) 100vw, 1024px\" \/>\t\t\t\t\t\t\t\t<\/a><\/p>\n<p style=\"text-align: center;\"><strong>Zacate Royal Plus<\/strong><\/p>\n<p>\t\t\t\t\t\t\t\t\t\t\t\t\t\t\t\t<a href=\"https:\/\/laferiadelhogar.com.mx\/wp-content\/uploads\/2019\/09\/JAR-44.jpg\" data-elementor-open-lightbox=\"yes\" data-e-action-hash=\"#elementor-action%3Aaction%3Dlightbox%26settings%3DeyJpZCI6MjE0NiwidXJsIjoiaHR0cHM6XC9cL2xhZmVyaWFkZWxob2dhci5jb20ubXhcL3dwLWNvbnRlbnRcL3VwbG9hZHNcLzIwMTlcLzA5XC9KQVItNDQuanBnIn0%3D\"><br \/>\n\t\t\t\t\t\t\t<img decoding=\"async\" width=\"1024\" height=\"1024\" src=\"https:\/\/laferiadelhogar.com.mx\/wp-content\/uploads\/2019\/09\/JAR-44-1024x1024.jpg\" alt=\"\" loading=\"lazy\" srcset=\"https:\/\/laferiadelhogar.com.mx\/wp-content\/uploads\/2019\/09\/JAR-44-1024x1024.jpg 1024w, https:\/\/laferiadelhogar.com.mx\/wp-content\/uploads\/2019\/09\/JAR-44-324x324.jpg 324w, https:\/\/laferiadelhogar.com.mx\/wp-content\/uploads\/2019\/09\/JAR-44-100x100.jpg 100w, https:\/\/laferiadelhogar.com.mx\/wp-content\/uploads\/2019\/09\/JAR-44-416x416.jpg 416w, https:\/\/laferiadelhogar.com.mx\/wp-content\/uploads\/2019\/09\/JAR-44-150x150.jpg 150w, https:\/\/laferiadelhogar.com.mx\/wp-content\/uploads\/2019\/09\/JAR-44-300x300.jpg 300w, https:\/\/laferiadelhogar.com.mx\/wp-content\/uploads\/2019\/09\/JAR-44-768x768.jpg 768w, https:\/\/laferiadelhogar.com.mx\/wp-content\/uploads\/2019\/09\/JAR-44-250x250.jpg 250w, https:\/\/laferiadelhogar.com.mx\/wp-content\/uploads\/2019\/09\/JAR-44-174x174.jpg 174w, https:\/\/laferiadelhogar.com.mx\/wp-content\/uploads\/2019\/09\/JAR-44.jpg 1200w\" sizes=\"auto, (max-width: 1024px) 100vw, 1024px\" \/>\t\t\t\t\t\t\t\t<\/a><\/p>\n<p style=\"text-align: center;\"><strong>Esponja Color Grande Sanchez<\/strong><\/p>\n<p>\t\t\t\t\t\t\t\t\t\t\t\t\t\t\t\t<a href=\"https:\/\/laferiadelhogar.com.mx\/wp-content\/uploads\/2019\/09\/JAR-45.jpg\" data-elementor-open-lightbox=\"yes\" data-e-action-hash=\"#elementor-action%3Aaction%3Dlightbox%26settings%3DeyJpZCI6MjE0NywidXJsIjoiaHR0cHM6XC9cL2xhZmVyaWFkZWxob2dhci5jb20ubXhcL3dwLWNvbnRlbnRcL3VwbG9hZHNcLzIwMTlcLzA5XC9KQVItNDUuanBnIn0%3D\"><br \/>\n\t\t\t\t\t\t\t<img decoding=\"async\" width=\"1024\" height=\"1024\" src=\"https:\/\/laferiadelhogar.com.mx\/wp-content\/uploads\/2019\/09\/JAR-45-1024x1024.jpg\" alt=\"\" loading=\"lazy\" srcset=\"https:\/\/laferiadelhogar.com.mx\/wp-content\/uploads\/2019\/09\/JAR-45-1024x1024.jpg 1024w, https:\/\/laferiadelhogar.com.mx\/wp-content\/uploads\/2019\/09\/JAR-45-324x324.jpg 324w, https:\/\/laferiadelhogar.com.mx\/wp-content\/uploads\/2019\/09\/JAR-45-100x100.jpg 100w, https:\/\/laferiadelhogar.com.mx\/wp-content\/uploads\/2019\/09\/JAR-45-416x416.jpg 416w, https:\/\/laferiadelhogar.com.mx\/wp-content\/uploads\/2019\/09\/JAR-45-150x150.jpg 150w, https:\/\/laferiadelhogar.com.mx\/wp-content\/uploads\/2019\/09\/JAR-45-300x300.jpg 300w, https:\/\/laferiadelhogar.com.mx\/wp-content\/uploads\/2019\/09\/JAR-45-768x768.jpg 768w, https:\/\/laferiadelhogar.com.mx\/wp-content\/uploads\/2019\/09\/JAR-45-250x250.jpg 250w, https:\/\/laferiadelhogar.com.mx\/wp-content\/uploads\/2019\/09\/JAR-45-174x174.jpg 174w, https:\/\/laferiadelhogar.com.mx\/wp-content\/uploads\/2019\/09\/JAR-45.jpg 1200w\" sizes=\"auto, (max-width: 1024px) 100vw, 1024px\" \/>\t\t\t\t\t\t\t\t<\/a><\/p>\n<p style=\"text-align: center;\"><strong>Esponja Multiusos EM El Ba\u00f1o<\/strong><\/p>\n<p>\t\t\t\t\t\t\t\t\t\t\t\t\t\t\t\t<a href=\"https:\/\/laferiadelhogar.com.mx\/wp-content\/uploads\/2019\/09\/JAR-36.jpg\" data-elementor-open-lightbox=\"yes\" data-e-action-hash=\"#elementor-action%3Aaction%3Dlightbox%26settings%3DeyJpZCI6MjEzOCwidXJsIjoiaHR0cHM6XC9cL2xhZmVyaWFkZWxob2dhci5jb20ubXhcL3dwLWNvbnRlbnRcL3VwbG9hZHNcLzIwMTlcLzA5XC9KQVItMzYuanBnIn0%3D\"><br \/>\n\t\t\t\t\t\t\t<img decoding=\"async\" width=\"1024\" height=\"1024\" src=\"https:\/\/laferiadelhogar.com.mx\/wp-content\/uploads\/2019\/09\/JAR-36-1024x1024.jpg\" alt=\"\" loading=\"lazy\" srcset=\"https:\/\/laferiadelhogar.com.mx\/wp-content\/uploads\/2019\/09\/JAR-36-1024x1024.jpg 1024w, https:\/\/laferiadelhogar.com.mx\/wp-content\/uploads\/2019\/09\/JAR-36-324x324.jpg 324w, https:\/\/laferiadelhogar.com.mx\/wp-content\/uploads\/2019\/09\/JAR-36-100x100.jpg 100w, https:\/\/laferiadelhogar.com.mx\/wp-content\/uploads\/2019\/09\/JAR-36-416x416.jpg 416w, https:\/\/laferiadelhogar.com.mx\/wp-content\/uploads\/2019\/09\/JAR-36-150x150.jpg 150w, https:\/\/laferiadelhogar.com.mx\/wp-content\/uploads\/2019\/09\/JAR-36-300x300.jpg 300w, https:\/\/laferiadelhogar.com.mx\/wp-content\/uploads\/2019\/09\/JAR-36-768x768.jpg 768w, https:\/\/laferiadelhogar.com.mx\/wp-content\/uploads\/2019\/09\/JAR-36-250x250.jpg 250w, https:\/\/laferiadelhogar.com.mx\/wp-content\/uploads\/2019\/09\/JAR-36-174x174.jpg 174w, https:\/\/laferiadelhogar.com.mx\/wp-content\/uploads\/2019\/09\/JAR-36.jpg 1200w\" sizes=\"auto, (max-width: 1024px) 100vw, 1024px\" \/>\t\t\t\t\t\t\t\t<\/a><\/p>\n<p style=\"text-align: center;\"><strong>Jabonera Burbuja Plastiapan<\/strong><\/p>\n<p>\t\t\t\t\t\t\t\t\t\t\t\t\t\t\t\t<a href=\"https:\/\/laferiadelhogar.com.mx\/wp-content\/uploads\/2019\/09\/JAR-37.jpg\" data-elementor-open-lightbox=\"yes\" data-e-action-hash=\"#elementor-action%3Aaction%3Dlightbox%26settings%3DeyJpZCI6MjEzOSwidXJsIjoiaHR0cHM6XC9cL2xhZmVyaWFkZWxob2dhci5jb20ubXhcL3dwLWNvbnRlbnRcL3VwbG9hZHNcLzIwMTlcLzA5XC9KQVItMzcuanBnIn0%3D\"><br \/>\n\t\t\t\t\t\t\t<img decoding=\"async\" width=\"1024\" height=\"1024\" src=\"https:\/\/laferiadelhogar.com.mx\/wp-content\/uploads\/2019\/09\/JAR-37-1024x1024.jpg\" alt=\"\" loading=\"lazy\" srcset=\"https:\/\/laferiadelhogar.com.mx\/wp-content\/uploads\/2019\/09\/JAR-37-1024x1024.jpg 1024w, https:\/\/laferiadelhogar.com.mx\/wp-content\/uploads\/2019\/09\/JAR-37-324x324.jpg 324w, https:\/\/laferiadelhogar.com.mx\/wp-content\/uploads\/2019\/09\/JAR-37-100x100.jpg 100w, https:\/\/laferiadelhogar.com.mx\/wp-content\/uploads\/2019\/09\/JAR-37-416x416.jpg 416w, https:\/\/laferiadelhogar.com.mx\/wp-content\/uploads\/2019\/09\/JAR-37-150x150.jpg 150w, https:\/\/laferiadelhogar.com.mx\/wp-content\/uploads\/2019\/09\/JAR-37-300x300.jpg 300w, https:\/\/laferiadelhogar.com.mx\/wp-content\/uploads\/2019\/09\/JAR-37-768x768.jpg 768w, https:\/\/laferiadelhogar.com.mx\/wp-content\/uploads\/2019\/09\/JAR-37-250x250.jpg 250w, https:\/\/laferiadelhogar.com.mx\/wp-content\/uploads\/2019\/09\/JAR-37-174x174.jpg 174w, https:\/\/laferiadelhogar.com.mx\/wp-content\/uploads\/2019\/09\/JAR-37.jpg 1200w\" sizes=\"auto, (max-width: 1024px) 100vw, 1024px\" \/>\t\t\t\t\t\t\t\t<\/a><\/p>\n<p style=\"text-align: center;\"><strong>Jabonera Diplast<\/strong><\/p>\n<p>\t\t\t\t\t\t\t\t\t\t\t\t\t\t\t\t<a href=\"https:\/\/laferiadelhogar.com.mx\/wp-content\/uploads\/2019\/09\/JAR-38.jpg\" data-elementor-open-lightbox=\"yes\" data-e-action-hash=\"#elementor-action%3Aaction%3Dlightbox%26settings%3DeyJpZCI6MjE0MCwidXJsIjoiaHR0cHM6XC9cL2xhZmVyaWFkZWxob2dhci5jb20ubXhcL3dwLWNvbnRlbnRcL3VwbG9hZHNcLzIwMTlcLzA5XC9KQVItMzguanBnIn0%3D\"><br \/>\n\t\t\t\t\t\t\t<img decoding=\"async\" width=\"1024\" height=\"1024\" src=\"https:\/\/laferiadelhogar.com.mx\/wp-content\/uploads\/2019\/09\/JAR-38-1024x1024.jpg\" alt=\"\" loading=\"lazy\" srcset=\"https:\/\/laferiadelhogar.com.mx\/wp-content\/uploads\/2019\/09\/JAR-38-1024x1024.jpg 1024w, https:\/\/laferiadelhogar.com.mx\/wp-content\/uploads\/2019\/09\/JAR-38-324x324.jpg 324w, https:\/\/laferiadelhogar.com.mx\/wp-content\/uploads\/2019\/09\/JAR-38-100x100.jpg 100w, https:\/\/laferiadelhogar.com.mx\/wp-content\/uploads\/2019\/09\/JAR-38-416x416.jpg 416w, https:\/\/laferiadelhogar.com.mx\/wp-content\/uploads\/2019\/09\/JAR-38-150x150.jpg 150w, https:\/\/laferiadelhogar.com.mx\/wp-content\/uploads\/2019\/09\/JAR-38-300x300.jpg 300w, https:\/\/laferiadelhogar.com.mx\/wp-content\/uploads\/2019\/09\/JAR-38-768x768.jpg 768w, https:\/\/laferiadelhogar.com.mx\/wp-content\/uploads\/2019\/09\/JAR-38-250x250.jpg 250w, https:\/\/laferiadelhogar.com.mx\/wp-content\/uploads\/2019\/09\/JAR-38-174x174.jpg 174w, https:\/\/laferiadelhogar.com.mx\/wp-content\/uploads\/2019\/09\/JAR-38.jpg 1200w\" sizes=\"auto, (max-width: 1024px) 100vw, 1024px\" \/>\t\t\t\t\t\t\t\t<\/a><\/p>\n<p style=\"text-align: center;\"><strong>Jabonera Jumbo Armher<\/strong><\/p>\n<p>\t\t\t\t\t\t\t\t\t\t\t\t\t\t\t\t<a href=\"https:\/\/laferiadelhogar.com.mx\/wp-content\/uploads\/2019\/09\/JAR-40.jpg\" data-elementor-open-lightbox=\"yes\" data-e-action-hash=\"#elementor-action%3Aaction%3Dlightbox%26settings%3DeyJpZCI6MjE0MiwidXJsIjoiaHR0cHM6XC9cL2xhZmVyaWFkZWxob2dhci5jb20ubXhcL3dwLWNvbnRlbnRcL3VwbG9hZHNcLzIwMTlcLzA5XC9KQVItNDAuanBnIn0%3D\"><br \/>\n\t\t\t\t\t\t\t<img decoding=\"async\" width=\"1024\" height=\"1024\" src=\"https:\/\/laferiadelhogar.com.mx\/wp-content\/uploads\/2019\/09\/JAR-40-1024x1024.jpg\" alt=\"\" loading=\"lazy\" srcset=\"https:\/\/laferiadelhogar.com.mx\/wp-content\/uploads\/2019\/09\/JAR-40-1024x1024.jpg 1024w, https:\/\/laferiadelhogar.com.mx\/wp-content\/uploads\/2019\/09\/JAR-40-324x324.jpg 324w, https:\/\/laferiadelhogar.com.mx\/wp-content\/uploads\/2019\/09\/JAR-40-100x100.jpg 100w, https:\/\/laferiadelhogar.com.mx\/wp-content\/uploads\/2019\/09\/JAR-40-416x416.jpg 416w, https:\/\/laferiadelhogar.com.mx\/wp-content\/uploads\/2019\/09\/JAR-40-150x150.jpg 150w, https:\/\/laferiadelhogar.com.mx\/wp-content\/uploads\/2019\/09\/JAR-40-300x300.jpg 300w, https:\/\/laferiadelhogar.com.mx\/wp-content\/uploads\/2019\/09\/JAR-40-768x768.jpg 768w, https:\/\/laferiadelhogar.com.mx\/wp-content\/uploads\/2019\/09\/JAR-40-250x250.jpg 250w, https:\/\/laferiadelhogar.com.mx\/wp-content\/uploads\/2019\/09\/JAR-40-174x174.jpg 174w, https:\/\/laferiadelhogar.com.mx\/wp-content\/uploads\/2019\/09\/JAR-40.jpg 1200w\" sizes=\"auto, (max-width: 1024px) 100vw, 1024px\" \/>\t\t\t\t\t\t\t\t<\/a><\/p>\n<p style=\"text-align: center;\"><strong>Cortina para Ba\u00f1o Grande Yuliana<\/strong><\/p>\n<p>\t\t\t\t\t\t\t\t\t\t\t\t\t\t\t\t<a href=\"https:\/\/laferiadelhogar.com.mx\/wp-content\/uploads\/2019\/09\/JAR-47.jpg\" data-elementor-open-lightbox=\"yes\" data-e-action-hash=\"#elementor-action%3Aaction%3Dlightbox%26settings%3DeyJpZCI6MjE0OSwidXJsIjoiaHR0cHM6XC9cL2xhZmVyaWFkZWxob2dhci5jb20ubXhcL3dwLWNvbnRlbnRcL3VwbG9hZHNcLzIwMTlcLzA5XC9KQVItNDcuanBnIn0%3D\"><br \/>\n\t\t\t\t\t\t\t<img decoding=\"async\" width=\"1024\" height=\"1024\" src=\"https:\/\/laferiadelhogar.com.mx\/wp-content\/uploads\/2019\/09\/JAR-47.jpg\" alt=\"\" loading=\"lazy\" srcset=\"https:\/\/laferiadelhogar.com.mx\/wp-content\/uploads\/2019\/09\/JAR-47.jpg 1200w, https:\/\/laferiadelhogar.com.mx\/wp-content\/uploads\/2019\/09\/JAR-47-324x324.jpg 324w, https:\/\/laferiadelhogar.com.mx\/wp-content\/uploads\/2019\/09\/JAR-47-100x100.jpg 100w, https:\/\/laferiadelhogar.com.mx\/wp-content\/uploads\/2019\/09\/JAR-47-416x416.jpg 416w\" sizes=\"auto, (max-width: 1024px) 100vw, 1024px\" \/>\t\t\t\t\t\t\t\t<\/a><\/p>\n<p style=\"text-align: center;\"><strong>Tapa para Ba\u00f1o 17&#8243; Estampada Yuliana<\/strong><\/p>\n<p>\t\t\t\t\t\t\t\t\t\t\t\t\t\t\t\t<a href=\"https:\/\/laferiadelhogar.com.mx\/wp-content\/uploads\/2023\/10\/257201.png\" data-elementor-open-lightbox=\"yes\" data-elementor-lightbox-title=\"257201\" data-e-action-hash=\"#elementor-action%3Aaction%3Dlightbox%26settings%3DeyJpZCI6Mzg2MCwidXJsIjoiaHR0cHM6XC9cL2xhZmVyaWFkZWxob2dhci5jb20ubXhcL3dwLWNvbnRlbnRcL3VwbG9hZHNcLzIwMjNcLzEwXC8yNTcyMDEucG5nIn0%3D\"><br \/>\n\t\t\t\t\t\t\t<img decoding=\"async\" width=\"1024\" height=\"1024\" src=\"https:\/\/laferiadelhogar.com.mx\/wp-content\/uploads\/2023\/10\/257201-1024x1024.png\" alt=\"\" loading=\"lazy\" srcset=\"https:\/\/laferiadelhogar.com.mx\/wp-content\/uploads\/2023\/10\/257201-1024x1024.png 1024w, https:\/\/laferiadelhogar.com.mx\/wp-content\/uploads\/2023\/10\/257201-300x300.png 300w, https:\/\/laferiadelhogar.com.mx\/wp-content\/uploads\/2023\/10\/257201-150x150.png 150w, https:\/\/laferiadelhogar.com.mx\/wp-content\/uploads\/2023\/10\/257201-768x768.png 768w, https:\/\/laferiadelhogar.com.mx\/wp-content\/uploads\/2023\/10\/257201.png 1200w\" sizes=\"auto, (max-width: 1024px) 100vw, 1024px\" \/>\t\t\t\t\t\t\t\t<\/a><\/p>\n<p style=\"text-align: center;\"><strong>Banda Toalla Chica del Mar<\/strong><\/p>\n<p>\t\t\t<a href=\"https:\/\/laferiadelhogar.com.mx\/?page_id=560\"><br \/>\n\t\t\t\t\t\tRegresar<br \/>\n\t\t\t\t\t<\/a><\/p>\n","protected":false},"excerpt":{"rendered":"<p>Zacate Beb\u00e9 Caricia\u00a0 Fashion Clean\u00a0 Zacate Facial sencillo Fashion Clean Zacate Royal Plus Esponja Color Grande Sanchez Esponja Multiusos EM El Ba\u00f1o Jabonera Burbuja Plastiapan Jabonera Diplast Jabonera Jumbo Armher Cortina para Ba\u00f1o Grande Yuliana Tapa para Ba\u00f1o 17&#8243; Estampada Yuliana Banda Toalla Chica del Mar Regresar<\/p>\n","protected":false},"author":3,"featured_media":0,"parent":0,"menu_order":0,"comment_status":"closed","ping_status":"closed","template":"","meta":{"site-sidebar-layout":"default","site-content-layout":"","ast-site-content-layout":"default","site-content-style":"default","site-sidebar-style":"default","ast-global-header-display":"","ast-banner-title-visibility":"","ast-main-header-display":"","ast-hfb-above-header-display":"","ast-hfb-below-header-display":"","ast-hfb-mobile-header-display":"","site-post-title":"","ast-breadcrumbs-content":"","ast-featured-img":"","footer-sml-layout":"","ast-disable-related-posts":"","theme-transparent-header-meta":"","adv-header-id-meta":"","stick-header-meta":"","header-above-stick-meta":"","header-main-stick-meta":"","header-below-stick-meta":"","astra-migrate-meta-layouts":"default","ast-page-background-enabled":"default","ast-page-background-meta":{"desktop":{"background-color":"var(--ast-global-color-4)","background-image":"","background-repeat":"repeat","background-position":"center center","background-size":"auto","background-attachment":"scroll","background-type":"","background-media":"","overlay-type":"","overlay-color":"","overlay-opacity":"","overlay-gradient":""},"tablet":{"background-color":"","background-image":"","background-repeat":"repeat","background-position":"center center","background-size":"auto","background-attachment":"scroll","background-type":"","background-media":"","overlay-type":"","overlay-color":"","overlay-opacity":"","overlay-gradient":""},"mobile":{"background-color":"","background-image":"","background-repeat":"repeat","background-position":"center center","background-size":"auto","background-attachment":"scroll","background-type":"","background-media":"","overlay-type":"","overlay-color":"","overlay-opacity":"","overlay-gradient":""}},"ast-content-background-meta":{"desktop":{"background-color":"var(--ast-global-color-5)","background-image":"","background-repeat":"repeat","background-position":"center center","background-size":"auto","background-attachment":"scroll","background-type":"","background-media":"","overlay-type":"","overlay-color":"","overlay-opacity":"","overlay-gradient":""},"tablet":{"background-color":"var(--ast-global-color-5)","background-image":"","background-repeat":"repeat","background-position":"center center","background-size":"auto","background-attachment":"scroll","background-type":"","background-media":"","overlay-type":"","overlay-color":"","overlay-opacity":"","overlay-gradient":""},"mobile":{"background-color":"var(--ast-global-color-5)","background-image":"","background-repeat":"repeat","background-position":"center center","background-size":"auto","background-attachment":"scroll","background-type":"","background-media":"","overlay-type":"","overlay-color":"","overlay-opacity":"","overlay-gradient":""}},"footnotes":""},"class_list":["post-743","page","type-page","status-publish","hentry"],"_links":{"self":[{"href":"https:\/\/laferiadelhogar.com.mx\/index.php?rest_route=\/wp\/v2\/pages\/743","targetHints":{"allow":["GET"]}}],"collection":[{"href":"https:\/\/laferiadelhogar.com.mx\/index.php?rest_route=\/wp\/v2\/pages"}],"about":[{"href":"https:\/\/laferiadelhogar.com.mx\/index.php?rest_route=\/wp\/v2\/types\/page"}],"author":[{"embeddable":true,"href":"https:\/\/laferiadelhogar.com.mx\/index.php?rest_route=\/wp\/v2\/users\/3"}],"replies":[{"embeddable":true,"href":"https:\/\/laferiadelhogar.com.mx\/index.php?rest_route=%2Fwp%2Fv2%2Fcomments&post=743"}],"version-history":[{"count":30,"href":"https:\/\/laferiadelhogar.com.mx\/index.php?rest_route=\/wp\/v2\/pages\/743\/revisions"}],"predecessor-version":[{"id":4054,"href":"https:\/\/laferiadelhogar.com.mx\/index.php?rest_route=\/wp\/v2\/pages\/743\/revisions\/4054"}],"wp:attachment":[{"href":"https:\/\/laferiadelhogar.com.mx\/index.php?rest_route=%2Fwp%2Fv2%2Fmedia&parent=743"}],"curies":[{"name":"wp","href":"https:\/\/api.w.org\/{rel}","templated":true}]}}