{"id":751,"date":"2019-04-02T21:31:44","date_gmt":"2019-04-02T21:31:44","guid":{"rendered":"https:\/\/laferiadelhogar.com.mx\/?page_id=751"},"modified":"2023-10-13T13:48:55","modified_gmt":"2023-10-13T19:48:55","slug":"sartenes","status":"publish","type":"page","link":"https:\/\/laferiadelhogar.com.mx\/?page_id=751","title":{"rendered":"Sartenes"},"content":{"rendered":"<p><img decoding=\"async\" src=\"https:\/\/laferiadelhogar.com.mx\/wp-content\/uploads\/elementor\/thumbs\/margo-brodowicz-VHMeU2sUGAs-unsplash-e1578428861255-scaled-pyjb0u62nqm1r8aq81cgk4pxolrbond9p1n0emuj0k.jpg\" title=\"margo-brodowicz-VHMeU2sUGAs-unsplash\" alt=\"margo-brodowicz-VHMeU2sUGAs-unsplash\" loading=\"lazy\" \/><br \/>\n\t\t\t\t\t\t\t\t\t\t\t\t\t\t\t\t<a href=\"https:\/\/laferiadelhogar.com.mx\/wp-content\/uploads\/2020\/01\/240252.jpg\" data-elementor-open-lightbox=\"yes\" data-e-action-hash=\"#elementor-action%3Aaction%3Dlightbox%26settings%3DeyJpZCI6MjgzMiwidXJsIjoiaHR0cDpcL1wvbGFmZXJpYWRlbGhvZ2FyLmNvbS5teFwvd3AtY29udGVudFwvdXBsb2Fkc1wvMjAyMFwvMDFcLzI0MDI1Mi5qcGcifQ%3D%3D\"><br \/>\n\t\t\t\t\t\t\t<img decoding=\"async\" width=\"640\" height=\"640\" src=\"https:\/\/laferiadelhogar.com.mx\/wp-content\/uploads\/2020\/01\/240252-1024x1024.jpg\" alt=\"\" loading=\"lazy\" srcset=\"https:\/\/laferiadelhogar.com.mx\/wp-content\/uploads\/2020\/01\/240252-1024x1024.jpg 1024w, https:\/\/laferiadelhogar.com.mx\/wp-content\/uploads\/2020\/01\/240252-324x324.jpg 324w, https:\/\/laferiadelhogar.com.mx\/wp-content\/uploads\/2020\/01\/240252-100x100.jpg 100w, https:\/\/laferiadelhogar.com.mx\/wp-content\/uploads\/2020\/01\/240252-416x416.jpg 416w, https:\/\/laferiadelhogar.com.mx\/wp-content\/uploads\/2020\/01\/240252-150x150.jpg 150w, https:\/\/laferiadelhogar.com.mx\/wp-content\/uploads\/2020\/01\/240252-300x300.jpg 300w, https:\/\/laferiadelhogar.com.mx\/wp-content\/uploads\/2020\/01\/240252-768x768.jpg 768w, https:\/\/laferiadelhogar.com.mx\/wp-content\/uploads\/2020\/01\/240252-250x250.jpg 250w, https:\/\/laferiadelhogar.com.mx\/wp-content\/uploads\/2020\/01\/240252-174x174.jpg 174w, https:\/\/laferiadelhogar.com.mx\/wp-content\/uploads\/2020\/01\/240252.jpg 1200w\" sizes=\"auto, (max-width: 640px) 100vw, 640px\" \/>\t\t\t\t\t\t\t\t<\/a><\/p>\n<p style=\"text-align: center;\"><strong>Sart\u00e9n 30 cm AC Inox Mango de Neopreno Oneida<\/strong><\/p>\n<p>\t\t\t\t\t\t\t\t\t\t\t\t\t\t\t\t<a href=\"https:\/\/laferiadelhogar.com.mx\/wp-content\/uploads\/2020\/01\/110171.jpg\" data-elementor-open-lightbox=\"yes\" data-e-action-hash=\"#elementor-action%3Aaction%3Dlightbox%26settings%3DeyJpZCI6MjkxNCwidXJsIjoiaHR0cDpcL1wvbGFmZXJpYWRlbGhvZ2FyLmNvbS5teFwvd3AtY29udGVudFwvdXBsb2Fkc1wvMjAyMFwvMDFcLzExMDE3MS5qcGcifQ%3D%3D\"><br \/>\n\t\t\t\t\t\t\t<img decoding=\"async\" width=\"640\" height=\"640\" src=\"https:\/\/laferiadelhogar.com.mx\/wp-content\/uploads\/2020\/01\/110171-1024x1024.jpg\" alt=\"\" loading=\"lazy\" srcset=\"https:\/\/laferiadelhogar.com.mx\/wp-content\/uploads\/2020\/01\/110171-1024x1024.jpg 1024w, https:\/\/laferiadelhogar.com.mx\/wp-content\/uploads\/2020\/01\/110171-324x324.jpg 324w, https:\/\/laferiadelhogar.com.mx\/wp-content\/uploads\/2020\/01\/110171-100x100.jpg 100w, https:\/\/laferiadelhogar.com.mx\/wp-content\/uploads\/2020\/01\/110171-416x416.jpg 416w, https:\/\/laferiadelhogar.com.mx\/wp-content\/uploads\/2020\/01\/110171-150x150.jpg 150w, https:\/\/laferiadelhogar.com.mx\/wp-content\/uploads\/2020\/01\/110171-300x300.jpg 300w, https:\/\/laferiadelhogar.com.mx\/wp-content\/uploads\/2020\/01\/110171-768x768.jpg 768w, https:\/\/laferiadelhogar.com.mx\/wp-content\/uploads\/2020\/01\/110171-250x250.jpg 250w, https:\/\/laferiadelhogar.com.mx\/wp-content\/uploads\/2020\/01\/110171-174x174.jpg 174w, https:\/\/laferiadelhogar.com.mx\/wp-content\/uploads\/2020\/01\/110171.jpg 1200w\" sizes=\"auto, (max-width: 640px) 100vw, 640px\" \/>\t\t\t\t\t\t\t\t<\/a><\/p>\n<p style=\"text-align: center;\"><strong>Sart\u00e9n Conico #22 AT Cinsa<\/strong><\/p>\n<p>\t\t\t\t\t\t\t\t\t\t\t\t\t\t\t\t<a href=\"https:\/\/laferiadelhogar.com.mx\/wp-content\/uploads\/2020\/01\/110174.jpg\" data-elementor-open-lightbox=\"yes\" data-e-action-hash=\"#elementor-action%3Aaction%3Dlightbox%26settings%3DeyJpZCI6MjkxNSwidXJsIjoiaHR0cDpcL1wvbGFmZXJpYWRlbGhvZ2FyLmNvbS5teFwvd3AtY29udGVudFwvdXBsb2Fkc1wvMjAyMFwvMDFcLzExMDE3NC5qcGcifQ%3D%3D\"><br \/>\n\t\t\t\t\t\t\t<img decoding=\"async\" width=\"640\" height=\"640\" src=\"https:\/\/laferiadelhogar.com.mx\/wp-content\/uploads\/2020\/01\/110174.jpg\" alt=\"\" loading=\"lazy\" srcset=\"https:\/\/laferiadelhogar.com.mx\/wp-content\/uploads\/2020\/01\/110174.jpg 1200w, https:\/\/laferiadelhogar.com.mx\/wp-content\/uploads\/2020\/01\/110174-324x324.jpg 324w, https:\/\/laferiadelhogar.com.mx\/wp-content\/uploads\/2020\/01\/110174-100x100.jpg 100w, https:\/\/laferiadelhogar.com.mx\/wp-content\/uploads\/2020\/01\/110174-416x416.jpg 416w\" sizes=\"auto, (max-width: 640px) 100vw, 640px\" \/>\t\t\t\t\t\t\t\t<\/a><\/p>\n<p style=\"text-align: center;\"><b>Sart\u00e9n C\u00f3nico\u00a0# 30 AT Cinsa<\/b><\/p>\n<p>\t\t\t<a href=\"https:\/\/laferiadelhogar.com.mx\/?page_id=696\"><br \/>\n\t\t\t\t\t\tRegresar<br \/>\n\t\t\t\t\t<\/a><\/p>\n","protected":false},"excerpt":{"rendered":"<p>Sart\u00e9n 30 cm AC Inox Mango de Neopreno Oneida Sart\u00e9n Conico #22 AT Cinsa Sart\u00e9n C\u00f3nico\u00a0# 30 AT Cinsa Regresar<\/p>\n","protected":false},"author":3,"featured_media":0,"parent":0,"menu_order":0,"comment_status":"closed","ping_status":"closed","template":"","meta":{"site-sidebar-layout":"default","site-content-layout":"","ast-site-content-layout":"default","site-content-style":"default","site-sidebar-style":"default","ast-global-header-display":"","ast-banner-title-visibility":"","ast-main-header-display":"","ast-hfb-above-header-display":"","ast-hfb-below-header-display":"","ast-hfb-mobile-header-display":"","site-post-title":"","ast-breadcrumbs-content":"","ast-featured-img":"","footer-sml-layout":"","ast-disable-related-posts":"","theme-transparent-header-meta":"","adv-header-id-meta":"","stick-header-meta":"","header-above-stick-meta":"","header-main-stick-meta":"","header-below-stick-meta":"","astra-migrate-meta-layouts":"default","ast-page-background-enabled":"default","ast-page-background-meta":{"desktop":{"background-color":"var(--ast-global-color-4)","background-image":"","background-repeat":"repeat","background-position":"center center","background-size":"auto","background-attachment":"scroll","background-type":"","background-media":"","overlay-type":"","overlay-color":"","overlay-opacity":"","overlay-gradient":""},"tablet":{"background-color":"","background-image":"","background-repeat":"repeat","background-position":"center center","background-size":"auto","background-attachment":"scroll","background-type":"","background-media":"","overlay-type":"","overlay-color":"","overlay-opacity":"","overlay-gradient":""},"mobile":{"background-color":"","background-image":"","background-repeat":"repeat","background-position":"center center","background-size":"auto","background-attachment":"scroll","background-type":"","background-media":"","overlay-type":"","overlay-color":"","overlay-opacity":"","overlay-gradient":""}},"ast-content-background-meta":{"desktop":{"background-color":"var(--ast-global-color-5)","background-image":"","background-repeat":"repeat","background-position":"center center","background-size":"auto","background-attachment":"scroll","background-type":"","background-media":"","overlay-type":"","overlay-color":"","overlay-opacity":"","overlay-gradient":""},"tablet":{"background-color":"var(--ast-global-color-5)","background-image":"","background-repeat":"repeat","background-position":"center center","background-size":"auto","background-attachment":"scroll","background-type":"","background-media":"","overlay-type":"","overlay-color":"","overlay-opacity":"","overlay-gradient":""},"mobile":{"background-color":"var(--ast-global-color-5)","background-image":"","background-repeat":"repeat","background-position":"center center","background-size":"auto","background-attachment":"scroll","background-type":"","background-media":"","overlay-type":"","overlay-color":"","overlay-opacity":"","overlay-gradient":""}},"footnotes":""},"class_list":["post-751","page","type-page","status-publish","hentry"],"_links":{"self":[{"href":"https:\/\/laferiadelhogar.com.mx\/index.php?rest_route=\/wp\/v2\/pages\/751","targetHints":{"allow":["GET"]}}],"collection":[{"href":"https:\/\/laferiadelhogar.com.mx\/index.php?rest_route=\/wp\/v2\/pages"}],"about":[{"href":"https:\/\/laferiadelhogar.com.mx\/index.php?rest_route=\/wp\/v2\/types\/page"}],"author":[{"embeddable":true,"href":"https:\/\/laferiadelhogar.com.mx\/index.php?rest_route=\/wp\/v2\/users\/3"}],"replies":[{"embeddable":true,"href":"https:\/\/laferiadelhogar.com.mx\/index.php?rest_route=%2Fwp%2Fv2%2Fcomments&post=751"}],"version-history":[{"count":14,"href":"https:\/\/laferiadelhogar.com.mx\/index.php?rest_route=\/wp\/v2\/pages\/751\/revisions"}],"predecessor-version":[{"id":3724,"href":"https:\/\/laferiadelhogar.com.mx\/index.php?rest_route=\/wp\/v2\/pages\/751\/revisions\/3724"}],"wp:attachment":[{"href":"https:\/\/laferiadelhogar.com.mx\/index.php?rest_route=%2Fwp%2Fv2%2Fmedia&parent=751"}],"curies":[{"name":"wp","href":"https:\/\/api.w.org\/{rel}","templated":true}]}}